{"id":162,"date":"2025-09-01T13:33:55","date_gmt":"2025-09-01T11:33:55","guid":{"rendered":"https:\/\/www.wazoandco.com\/?post_type=product&#038;p=162"},"modified":"2025-09-04T10:55:40","modified_gmt":"2025-09-04T08:55:40","slug":"mangeoire-pomme","status":"publish","type":"product","link":"https:\/\/www.wazoandco.com\/?product=mangeoire-pomme","title":{"rendered":"Mangeoire \u00e0 pomme"},"content":{"rendered":"<p>En installant cette mangeoire, vous offrez une source pr\u00e9cieuse de nourriture en saison froide, tout en profitant du spectacle vivant des oiseaux de votre jardin.<\/p>\n<p>Pour un impact responsable, r\u00e9servez l\u2019usage de cette mangeoire \u00e0 la fin de l\u2019automne et en hiver, lorsque la nourriture se fait rare dans la nature.<\/p>\n<p>&nbsp;<\/p>\n<p><span style=\"text-decoration: underline;\"><strong>INSTALLATION<\/strong><\/span><\/p>\n<ul>\n<li>Hauteur recommand\u00e9e : 1,5 m \u00e0 2 m du sol<\/li>\n<li>Support : branche solide, crochet ou support mural<\/li>\n<li data-start=\"1161\" data-end=\"1277\">Emplacement : zone d\u00e9gag\u00e9e, s\u00e9curis\u00e9e des pr\u00e9dateurs, proche d\u2019une haie ou d\u2019un arbre pour offrir un refuge rapide<\/li>\n<li data-start=\"1280\" data-end=\"1361\">Fixation : nouez la corde autour de la branche en limitant l\u2019effet de balancier<\/li>\n<\/ul>\n<p>&nbsp;<\/p>\n<p><strong><span style=\"text-decoration: underline;\">VISITEURS ATTENDUS<\/span><\/strong><\/p>\n<p>Grives, rouges-gorges, sittelles, m\u00e9sanges et autres petits acrobates gourmands !<\/p>\n<p>\ud83d\udc49Astuce : coupez une pomme (ou tout autre fruit bien m\u00fbr) en deux et laissez la chair bien expos\u00e9e : son odeur attirera davantage les oiseaux frugivores<\/p>\n<p>&nbsp;<\/p>\n<p>&nbsp;<\/p>\n","protected":false},"excerpt":{"rendered":"<p>Mangeoire originale pens\u00e9e pour accueillir une pomme ou une poire tout en ajoutant une touche design et durable \u00e0 votre jardin.. Elle attire les petits oiseaux frugivores ou autres esp\u00e8ces insectivores en compl\u00e9ment de leur r\u00e9gime principal en hiver.<\/p>\n<p>&nbsp;<\/p>\n<p>Fabriqu\u00e9e artisanalement en Wallonie.<\/p>\n","protected":false},"featured_media":190,"comment_status":"open","ping_status":"closed","template":"","meta":{"_themeisle_gutenberg_block_has_review":false},"product_brand":[],"product_cat":[20],"product_tag":[],"class_list":{"0":"post-162","1":"product","2":"type-product","3":"status-publish","4":"has-post-thumbnail","6":"product_cat-non-classe","8":"first","9":"instock","10":"featured","11":"taxable","12":"shipping-taxable","13":"purchasable","14":"product-type-simple"},"_links":{"self":[{"href":"https:\/\/www.wazoandco.com\/index.php?rest_route=\/wp\/v2\/product\/162","targetHints":{"allow":["GET"]}}],"collection":[{"href":"https:\/\/www.wazoandco.com\/index.php?rest_route=\/wp\/v2\/product"}],"about":[{"href":"https:\/\/www.wazoandco.com\/index.php?rest_route=\/wp\/v2\/types\/product"}],"replies":[{"embeddable":true,"href":"https:\/\/www.wazoandco.com\/index.php?rest_route=%2Fwp%2Fv2%2Fcomments&post=162"}],"wp:featuredmedia":[{"embeddable":true,"href":"https:\/\/www.wazoandco.com\/index.php?rest_route=\/wp\/v2\/media\/190"}],"wp:attachment":[{"href":"https:\/\/www.wazoandco.com\/index.php?rest_route=%2Fwp%2Fv2%2Fmedia&parent=162"}],"wp:term":[{"taxonomy":"product_brand","embeddable":true,"href":"https:\/\/www.wazoandco.com\/index.php?rest_route=%2Fwp%2Fv2%2Fproduct_brand&post=162"},{"taxonomy":"product_cat","embeddable":true,"href":"https:\/\/www.wazoandco.com\/index.php?rest_route=%2Fwp%2Fv2%2Fproduct_cat&post=162"},{"taxonomy":"product_tag","embeddable":true,"href":"https:\/\/www.wazoandco.com\/index.php?rest_route=%2Fwp%2Fv2%2Fproduct_tag&post=162"}],"curies":[{"name":"wp","href":"https:\/\/api.w.org\/{rel}","templated":true}]}}