{"id":182,"date":"2025-09-03T00:10:25","date_gmt":"2025-09-02T22:10:25","guid":{"rendered":"https:\/\/www.wazoandco.com\/?post_type=product&#038;p=182"},"modified":"2026-01-11T20:24:30","modified_gmt":"2026-01-11T19:24:30","slug":"mangeoire-a-cacahuetes","status":"publish","type":"product","link":"https:\/\/www.wazoandco.com\/?product=mangeoire-a-cacahuetes","title":{"rendered":"Mangeoire \u00e0 cacahu\u00e8tes"},"content":{"rendered":"<p>En installant cette mangeoire, vous contribuez \u00e0 nourrir les oiseaux pendant les p\u00e9riodes difficiles,<br \/>\ntout en observant leur ballet fascinant au quotidien.<\/p>\n<p>Pour un impact positif sur la faune sauvage, veillez \u00e0 ne nourrir les oiseaux qu\u2019en p\u00e9riode hivernale,<br \/>\nlorsque la nourriture se fait plus rare !<\/p>\n<p>&nbsp;<\/p>\n<p><strong><span style=\"text-decoration: underline;\">INSTALLATION<\/span><\/strong><\/p>\n<ul>\n<li>Hauteur recommand\u00e9e : 1,5 m \u00e0 2 m du sol<\/li>\n<li>Support : branche solide, crochet de suspension mural<\/li>\n<li>Emplacement : zone abrit\u00e9e du vent dominant, proche d\u2019un buisson ou arbre pour offrir un refuge rapide aux oiseaux en cas de danger<\/li>\n<\/ul>\n<p>&nbsp;<\/p>\n<p><strong><span style=\"text-decoration: underline;\">VISITEURS ATTENDUS<\/span><\/strong><\/p>\n<p>M\u00e9sanges bleues, charbonni\u00e8res, hupp\u00e9es, sittelles torchepot, pics \u00e9peiches et bien d&rsquo;autres petits acrobates gourmands !<\/p>\n","protected":false},"excerpt":{"rendered":"<p>Mangeoire sp\u00e9cialement con\u00e7ue pour offrir aux oiseaux un acc\u00e8s facile aux cacahu\u00e8tes tout en \u00e9vitant les risques d\u2019\u00e9touffement.<\/p>\n<p>&nbsp;<\/p>\n<p>Suspendue dans un endroit d\u00e9gag\u00e9, elle attire m\u00e9sanges, sittelles et autres petits visiteurs ail\u00e9s qui viendront se r\u00e9galer.<\/p>\n<p>&nbsp;<\/p>\n<p>Un objet durable, esth\u00e9tique et respectueux de la faune, fabriqu\u00e9 en Wallonie.<\/p>\n","protected":false},"featured_media":184,"comment_status":"open","ping_status":"closed","template":"","meta":{"_themeisle_gutenberg_block_has_review":false},"product_brand":[],"product_cat":[20],"product_tag":[],"class_list":{"0":"post-182","1":"product","2":"type-product","3":"status-publish","4":"has-post-thumbnail","6":"product_cat-non-classe","8":"first","9":"instock","10":"featured","11":"taxable","12":"shipping-taxable","13":"purchasable","14":"product-type-simple"},"_links":{"self":[{"href":"https:\/\/www.wazoandco.com\/index.php?rest_route=\/wp\/v2\/product\/182","targetHints":{"allow":["GET"]}}],"collection":[{"href":"https:\/\/www.wazoandco.com\/index.php?rest_route=\/wp\/v2\/product"}],"about":[{"href":"https:\/\/www.wazoandco.com\/index.php?rest_route=\/wp\/v2\/types\/product"}],"replies":[{"embeddable":true,"href":"https:\/\/www.wazoandco.com\/index.php?rest_route=%2Fwp%2Fv2%2Fcomments&post=182"}],"wp:featuredmedia":[{"embeddable":true,"href":"https:\/\/www.wazoandco.com\/index.php?rest_route=\/wp\/v2\/media\/184"}],"wp:attachment":[{"href":"https:\/\/www.wazoandco.com\/index.php?rest_route=%2Fwp%2Fv2%2Fmedia&parent=182"}],"wp:term":[{"taxonomy":"product_brand","embeddable":true,"href":"https:\/\/www.wazoandco.com\/index.php?rest_route=%2Fwp%2Fv2%2Fproduct_brand&post=182"},{"taxonomy":"product_cat","embeddable":true,"href":"https:\/\/www.wazoandco.com\/index.php?rest_route=%2Fwp%2Fv2%2Fproduct_cat&post=182"},{"taxonomy":"product_tag","embeddable":true,"href":"https:\/\/www.wazoandco.com\/index.php?rest_route=%2Fwp%2Fv2%2Fproduct_tag&post=182"}],"curies":[{"name":"wp","href":"https:\/\/api.w.org\/{rel}","templated":true}]}}